{"id":1217,"date":"2023-10-06T15:52:15","date_gmt":"2023-10-06T13:52:15","guid":{"rendered":"https:\/\/www.lesportesdelanjou.com\/leisure\/"},"modified":"2026-01-15T09:27:04","modified_gmt":"2026-01-15T08:27:04","slug":"leisure","status":"publish","type":"page","link":"https:\/\/www.lesportesdelanjou.com\/en\/leisure\/","title":{"rendered":"Leisure"},"content":{"rendered":"\n<div class=\"wp-block-cover alignfull is-light\"><span aria-hidden=\"true\" class=\"wp-block-cover__gradient-background has-background-dim\"><\/span><img width=\"1066\" height=\"800\" class=\"wp-block-cover__image-background wp-image-658\" alt=\"\" src=\"https:\/\/www.lesportesdelanjou.com\/wp-content\/uploads\/2023\/03\/photo-637185027465826932-574.jpg\" data-object-fit=\"cover\" srcset=\"https:\/\/www.lesportesdelanjou.com\/wp-content\/uploads\/2023\/03\/photo-637185027465826932-574.jpg 1066w, https:\/\/www.lesportesdelanjou.com\/wp-content\/uploads\/2023\/03\/photo-637185027465826932-574-300x225.jpg 300w, https:\/\/www.lesportesdelanjou.com\/wp-content\/uploads\/2023\/03\/photo-637185027465826932-574-1024x768.jpg 1024w, https:\/\/www.lesportesdelanjou.com\/wp-content\/uploads\/2023\/03\/photo-637185027465826932-574-768x576.jpg 768w\" sizes=\"(max-width: 1066px) 100vw, 1066px\" \/><div class=\"wp-block-cover__inner-container\">\n<p class=\"has-text-align-center has-large-font-size\"><\/p>\n<\/div><\/div>\n\n<div class=\"wp-block-columns are-vertically-aligned-center A-15\">\n<div class=\"wp-block-column is-vertically-aligned-center\">\n<h1 class=\"has-vert-fonce-color has-text-color\" id=\"animations-loisirs-aux-portes-de-l-anjou-pres-de-la-fleche-1\">Animations &amp; loisirs aux Portes de l&#8217;Anjou near La Fl\u00e8che<\/h1>\n\n\n\n<p>Discover the activities on offer at our 3-star campsite in Durtal, 30 minutes from Angers in Maine et Loire.<\/p>\n\n\n\n<div class=\"wp-block-group lire-plus-mobile\"><div class=\"wp-block-group__inner-container\">\n<p>Discover our activities<\/p>\n\n\n\n<div class=\"wp-container-69dec543d73a7 wp-block-group\"><div class=\"wp-block-group__inner-container\">\n<div class=\"wp-block-columns\">\n<div class=\"wp-block-column\">\n<ul class=\"pictos liste\"><li><i class=\"fal fa-book\"><\/i>  Reading &#8211; a library is at your disposal<\/li><li><i class=\"fal fa-puzzle\"><\/i>  Board games<\/li><li><i class=\"fal fa-person-hiking\"><\/i>  Hiking (Topoguides available at reception)<\/li><li><i class=\"fal fa-person-biking\"><\/i>  Bike tour of Durtal and surrounding area (bike hire &#8211; prices available in downloadable documents). You can take the Vall\u00e9e du Loir \u00e0 V\u00e9lo route (V\u00e9loroute V47), the Durtal -&gt; La Fl\u00e8che greenway or discover the 4 new signposted circuits in the region (Loop topoguide sheets available at reception).<\/li><li><i class=\"fal fa-water\"><\/i> You can go for a trip on the River Loir alongside the campsite (you can bring your own boat, canoe or paddleboard).<\/li><\/ul>\n<\/div>\n\n\n\n<div class=\"wp-block-column\">\n<ul id=\"block-c26258ca-4913-4ca5-ac82-02475ea047b8\" class=\"pictos liste\"><li><i class=\"fal fa-fishing-rod\"><\/i>  Fishing &#8211; Permits for sale on site. Daily or weekly permits&#8230;<\/li><li><i class=\"fal fa-tennis-ball\"><\/i>  P\u00e9tanque<\/li><li><i class=\"fal fa-arrow-up-from-bracket\"><\/i>  Trampoline<\/li><li><i class=\"fal fa-table-tennis-paddle-ball\"><\/i>  Ping Pong &#8211; Loan of rackets and balls with deposit<\/li><li><i class=\"fal fa-basketball-hoop\"><\/i>  Skate Park \/ Multisport court 300m from campsite<\/li><li><i class=\"fal fa-square-3\"><\/i>  Lotto<\/li><li><i class=\"fal fa-shop\"><\/i>  July and August: Sunday evening market &amp; Sunday lunchtime roast free-range chicken<\/li><\/ul>\n<\/div>\n<\/div>\n\n\n\n<div class=\"wp-container-69dec543d714f wp-block-buttons\">\n<div class=\"wp-block-button\"><a class=\"wp-block-button__link\" href=\"https:\/\/www.lesportesdelanjou.com\/en\/photo-gallery\/?camping=loisirs\"><i class=\"fal fa-image\"><\/i> See more photos<\/a><\/div>\n<\/div>\n<\/div><\/div>\n<\/div><\/div>\n<\/div>\n\n\n\n<div class=\"wp-block-column is-vertically-aligned-center\">\n<figure class=\"wp-block-gallery has-nested-images columns-default is-cropped\">\n<figure class=\"wp-block-image size-large\"><img width=\"1024\" height=\"768\" src=\"https:\/\/www.lesportesdelanjou.com\/wp-content\/uploads\/2023\/03\/photo-636500620712065792-1-1024x768.jpg\" alt=\"\" class=\"wp-image-660\" srcset=\"https:\/\/www.lesportesdelanjou.com\/wp-content\/uploads\/2023\/03\/photo-636500620712065792-1-1024x768.jpg 1024w, https:\/\/www.lesportesdelanjou.com\/wp-content\/uploads\/2023\/03\/photo-636500620712065792-1-300x225.jpg 300w, https:\/\/www.lesportesdelanjou.com\/wp-content\/uploads\/2023\/03\/photo-636500620712065792-1-768x576.jpg 768w, https:\/\/www.lesportesdelanjou.com\/wp-content\/uploads\/2023\/03\/photo-636500620712065792-1.jpg 1066w\" sizes=\"(max-width: 1024px) 100vw, 1024px\" \/><\/figure>\n<\/figure>\n<\/div>\n<\/div>\n\n<div class=\"wp-block-columns A-10 reverse-mob\">\n<div class=\"wp-block-column\">\n<figure class=\"wp-block-gallery has-nested-images columns-2 is-cropped\">\n<figure class=\"wp-block-image size-full\"><img width=\"600\" height=\"800\" src=\"https:\/\/www.lesportesdelanjou.com\/wp-content\/uploads\/2023\/03\/photo-637265500861772356-574.jpg\" alt=\"\" class=\"wp-image-664\" srcset=\"https:\/\/www.lesportesdelanjou.com\/wp-content\/uploads\/2023\/03\/photo-637265500861772356-574.jpg 600w, https:\/\/www.lesportesdelanjou.com\/wp-content\/uploads\/2023\/03\/photo-637265500861772356-574-225x300.jpg 225w\" sizes=\"(max-width: 600px) 100vw, 600px\" \/><\/figure>\n\n\n\n<figure class=\"wp-block-image size-full\"><img width=\"600\" height=\"800\" src=\"https:\/\/www.lesportesdelanjou.com\/wp-content\/uploads\/2023\/03\/photo-637187556679858392-574.jpg\" alt=\"\" class=\"wp-image-670\" srcset=\"https:\/\/www.lesportesdelanjou.com\/wp-content\/uploads\/2023\/03\/photo-637187556679858392-574.jpg 600w, https:\/\/www.lesportesdelanjou.com\/wp-content\/uploads\/2023\/03\/photo-637187556679858392-574-225x300.jpg 225w\" sizes=\"(max-width: 600px) 100vw, 600px\" \/><\/figure>\n\n\n\n<figure class=\"wp-block-image size-full\"><img width=\"600\" height=\"800\" src=\"https:\/\/www.lesportesdelanjou.com\/wp-content\/uploads\/2023\/03\/photo-637185028625405931-574.jpg\" alt=\"\" class=\"wp-image-666\" srcset=\"https:\/\/www.lesportesdelanjou.com\/wp-content\/uploads\/2023\/03\/photo-637185028625405931-574.jpg 600w, https:\/\/www.lesportesdelanjou.com\/wp-content\/uploads\/2023\/03\/photo-637185028625405931-574-225x300.jpg 225w\" sizes=\"(max-width: 600px) 100vw, 600px\" \/><\/figure>\n\n\n\n<figure class=\"wp-block-image size-full\"><img width=\"1920\" height=\"1200\" src=\"https:\/\/www.lesportesdelanjou.com\/wp-content\/uploads\/2023\/10\/Camping-Les-Portes-de-lAnjou-Paradis-Enfants-1.jpg\" alt=\"\" class=\"wp-image-1489\" srcset=\"https:\/\/www.lesportesdelanjou.com\/wp-content\/uploads\/2023\/10\/Camping-Les-Portes-de-lAnjou-Paradis-Enfants-1.jpg 1920w, https:\/\/www.lesportesdelanjou.com\/wp-content\/uploads\/2023\/10\/Camping-Les-Portes-de-lAnjou-Paradis-Enfants-1-300x188.jpg 300w, https:\/\/www.lesportesdelanjou.com\/wp-content\/uploads\/2023\/10\/Camping-Les-Portes-de-lAnjou-Paradis-Enfants-1-1024x640.jpg 1024w, https:\/\/www.lesportesdelanjou.com\/wp-content\/uploads\/2023\/10\/Camping-Les-Portes-de-lAnjou-Paradis-Enfants-1-768x480.jpg 768w, https:\/\/www.lesportesdelanjou.com\/wp-content\/uploads\/2023\/10\/Camping-Les-Portes-de-lAnjou-Paradis-Enfants-1-1536x960.jpg 1536w\" sizes=\"(max-width: 1920px) 100vw, 1920px\" \/><\/figure>\n<\/figure>\n<\/div>\n\n\n\n<div class=\"wp-block-column has-vert-fonce-background-color has-background\">\n<h2 id=\"paradis-pour-les-enfants\">Children&#8217;s paradise<\/h2>\n\n\n\n<h3 class=\"p\" id=\"pour-des-moments-inoubliables-les-portes-de-l-anjou-a-durtal-propose-un-large-choix-d-activites-et-loisirs-pour-vos-enfants\"><strong>For unforgettable moments, Les Portes de l&#8217;Anjou in Durtal offers a wide choice of activities and leisure activities for your children.<\/strong><\/h3>\n\n\n\n<p><strong>For the little ones:<\/strong><\/p>\n\n\n\n<p>At our 3-star campsite in <strong>Durtal, near La Fl\u00e8che<\/strong>, everything is in place to ensure that your children have the time of their lives.<\/p>\n\n\n\n<div class=\"wp-block-group lire-plus-pc\"><div class=\"wp-block-group__inner-container\">\n<p>Read more<\/p>\n\n\n\n<div class=\"wp-container-69dec543d781a wp-block-group\"><div class=\"wp-block-group__inner-container\">\n<p>Everyone can make the most of our <strong>playground:<\/strong> slides, monkey bridge, climbing, playhouse, squirrel, wind rose, trampoline&#8230; What&#8217;s more, every child will be delighted to have a <strong>playroom<\/strong> available especially for them.<\/p>\n\n\n\n<p><strong>For older children:<\/strong><\/p>\n\n\n\n<p>First of all, they&#8217;ll be able to share convivial moments with their friends <strong>in the skate park and multi-sports ground<\/strong> located just <strong>300m from the campsite<\/strong>.<\/p>\n\n\n\n<p>The <a href=\"https:\/\/www.lesportesdelanjou.com\/en\/swimming-pool\/\" data-type=\"page\" data-id=\"573\">\n  <strong>heated swimming pool<\/strong>\n<\/a> in Durtal, adjacent to the campsite, will also be a place of relaxation and<strong>fun<\/strong> for young and old!<\/p>\n\n\n\n<p>For an unforgettable stay in Maine et Loire, older children can enjoy activities such as<strong> p\u00e9tanque, table tennis, billiards<\/strong>&#8230;<\/p>\n<\/div><\/div>\n<\/div><\/div>\n\n\n\n<div class=\"wp-container-69dec543d7af8 wp-block-buttons\">\n<div class=\"wp-block-button\"><a class=\"wp-block-button__link\" href=\"https:\/\/www.lesportesdelanjou.com\/en\/rentals\/\"><i class=\"fal fa-house-day\"><\/i>  View rentals<\/a><\/div>\n\n\n\n<div class=\"wp-block-button is-style-outline\"><a class=\"wp-block-button__link\" href=\"https:\/\/www.lesportesdelanjou.com\/en\/locations\/\"><i class=\"fal fa-house-tree\"><\/i>  View locations<\/a><\/div>\n<\/div>\n<\/div>\n<\/div>\n\n<div class=\"wp-block-columns are-vertically-aligned-center A-15\">\n<div class=\"wp-block-column is-vertically-aligned-center\">\n<h2 class=\"has-vert-fonce-color has-text-color\" id=\"peche-au-camping\">Fishing at the campsite<\/h2>\n\n\n\n<p id=\"le-camping-les-portes-de-l-anjou-en-maine-et-loire-est-un-vrai-paradis-pour-les-pecheurs-avec-son-acces-direct-en-bord-du-loir-et-ses-nombreux-spots-de-peche-aux-alentours\">Les portes de l&#8217;Anjou&#8221; *** campsite in Maine et Loire is a real paradise for anglers, with direct access to the banks of the Loir and numerous fishing spots in the vicinity! Fishing friends, come and enjoy our ideally located <a href=\"https:\/\/www.lesportesdelanjou.com\/en\/locations\/\" data-type=\"page\" data-id=\"571\">pitches<\/a> along the Loir or our <a href=\"https:\/\/www.lesportesdelanjou.com\/en\/rentals\/\" data-type=\"page\" data-id=\"569\">fully-equipped rentals<\/a>.<\/p>\n\n\n\n<p><strong>The Loir<\/strong>, a 2nd category river &#8211; Public domain, flows through the 4 departments of Eure et Loire, Loire-et-Cher, Maine-et-Loire and Sarthe. This river abounds in a wide variety of fish, attracting anglers from all over the region.<\/p>\n\n\n\n<div class=\"wp-block-group lire-plus-mobile\"><div class=\"wp-block-group__inner-container\">\n<p>Read more<\/p>\n\n\n\n<div class=\"wp-container-69dec543d80f1 wp-block-group\"><div class=\"wp-block-group__inner-container\">\n<h3 id=\"acces-direct-au-loir-ponton-et-mise-a-l-eau-du-camping\">Direct access to the Loir, pontoon and campsite launch<\/h3>\n\n\n\n<p>Our 3-star campsite has a boat <strong>launch <\/strong>and a<strong> pontoon<\/strong> to moor your boat during your stay at our <strong>campsite in Maine-et-Loire<\/strong>. Please note that combustion engines are not permitted on this part of the Loir. In summer, the weak current is a real pleasure for float tube anglers looking for predators in the most inaccessible places.<\/p>\n\n\n\n<p>All types of fishing can be enjoyed on the Loir: <strong>fly-fishing<\/strong>, <strong>lure-fishing<\/strong> and <strong>live-fishing<\/strong>. At our <strong>campsite near La Fl\u00e8che<\/strong>, you&#8217;ll have access to a <strong>sales point for fishing cards<\/strong>: daily, weekly and annual.<\/p>\n\n\n\n<div class=\"wp-block-group lire-plus-pc\"><div class=\"wp-block-group__inner-container\">\n<p>Read more<\/p>\n\n\n\n<div class=\"wp-container-69dec543d7e93 wp-block-group\"><div class=\"wp-block-group__inner-container\">\n<h3 id=\"peche-de-nuit-au-camping-les-portes-d-anjou-une-experience-unique-sur-la-riviere-du-loir\">Night fishing at the Portes d&#8217;Anjou campsite: a unique experience on the Loir river<\/h3>\n\n\n\n<p>Discover an original experience: <strong>night fishing at the Portes de l&#8217;Anjou campsite <\/strong>.  <\/p>\n\n\n\n<p>A <strong>night carp fishing trail<\/strong> is available on the bank <strong>opposite the campsite<\/strong>, accessible by car or on foot via a footbridge.<\/p>\n\n\n\n<h3 id=\"rivieres-et-spots-de-peche-aux-alentours-du-camping-les-portes-de-l-anjou-en-maine-et-loire\">Rivers and fishing spots around Les Portes de l&#8217;Anjou campsite in Maine et Loire<\/h3>\n\n\n\n<p>For lovers of <strong>trout fishing <\/strong>, you will find in <strong>Durtal <\/strong>and the surrounding area magnificent rivers such as the<strong>Argance<\/strong>, the <strong>Verdun and<\/strong> the <strong>Porame<\/strong>.<\/p>\n\n\n\n<p><strong>Les portes de l&#8217;Anjou&#8221; campsite in Maine et Loire<\/strong> is <strong>less than 30 minutes from major rivers such as the Sarthe<\/strong>, <strong>Mayenne<\/strong> and <strong>Maine<\/strong>. Black bass no-kill anglers and beginners will be delighted as the Chambiers pond, 2.5 km from the &#8220;Les portes de l&#8217;Anjou&#8221; campsite, is reserved exclusively for this very dynamic fishery.<\/p>\n\n\n\n<p>For further information: https: <a rel=\"noreferrer noopener\" href=\"https:\/\/www.fedepeche49.fr\/\" target=\"_blank\">\/\/www.fedepeche49.fr\/<\/a><\/p>\n<\/div><\/div>\n<\/div><\/div>\n<\/div><\/div>\n<\/div><\/div>\n<\/div>\n\n\n\n<div class=\"wp-block-column is-vertically-aligned-center\">\n<figure class=\"wp-block-gallery has-nested-images columns-default is-cropped diaporama--1\">\n<figure class=\"wp-block-image size-full\"><img width=\"480\" height=\"480\" src=\"https:\/\/www.lesportesdelanjou.com\/wp-content\/uploads\/2023\/09\/logo-1-4.png\" alt=\"\" class=\"wp-image-1023\" srcset=\"https:\/\/www.lesportesdelanjou.com\/wp-content\/uploads\/2023\/09\/logo-1-4.png 480w, https:\/\/www.lesportesdelanjou.com\/wp-content\/uploads\/2023\/09\/logo-1-4-300x300.png 300w, https:\/\/www.lesportesdelanjou.com\/wp-content\/uploads\/2023\/09\/logo-1-4-150x150.png 150w\" sizes=\"(max-width: 480px) 100vw, 480px\" \/><\/figure>\n\n\n\n<figure class=\"wp-block-image size-full\"><img width=\"1024\" height=\"640\" src=\"https:\/\/www.lesportesdelanjou.com\/wp-content\/uploads\/2023\/10\/Camping-Les-Portes-de-lAnjou-Bord-du-Loir-1-1024x640.jpg\" alt=\"\" class=\"wp-image-1514\" srcset=\"https:\/\/www.lesportesdelanjou.com\/wp-content\/uploads\/2023\/10\/Camping-Les-Portes-de-lAnjou-Bord-du-Loir-1-1024x640.jpg 1024w, https:\/\/www.lesportesdelanjou.com\/wp-content\/uploads\/2023\/10\/Camping-Les-Portes-de-lAnjou-Bord-du-Loir-1-300x188.jpg 300w, https:\/\/www.lesportesdelanjou.com\/wp-content\/uploads\/2023\/10\/Camping-Les-Portes-de-lAnjou-Bord-du-Loir-1-768x480.jpg 768w, https:\/\/www.lesportesdelanjou.com\/wp-content\/uploads\/2023\/10\/Camping-Les-Portes-de-lAnjou-Bord-du-Loir-1-1536x960.jpg 1536w, https:\/\/www.lesportesdelanjou.com\/wp-content\/uploads\/2023\/10\/Camping-Les-Portes-de-lAnjou-Bord-du-Loir-1.jpg 1920w\" sizes=\"(max-width: 1024px) 100vw, 1024px\" \/><\/figure>\n\n\n\n<figure class=\"wp-block-image size-full\"><img width=\"815\" height=\"1024\" src=\"https:\/\/www.lesportesdelanjou.com\/wp-content\/uploads\/2023\/10\/Camping-Les-Portes-de-lAnjou-Bord-du-Loir-2-815x1024.jpg\" alt=\"\" class=\"wp-image-1506\" srcset=\"https:\/\/www.lesportesdelanjou.com\/wp-content\/uploads\/2023\/10\/Camping-Les-Portes-de-lAnjou-Bord-du-Loir-2-815x1024.jpg 815w, https:\/\/www.lesportesdelanjou.com\/wp-content\/uploads\/2023\/10\/Camping-Les-Portes-de-lAnjou-Bord-du-Loir-2-239x300.jpg 239w, https:\/\/www.lesportesdelanjou.com\/wp-content\/uploads\/2023\/10\/Camping-Les-Portes-de-lAnjou-Bord-du-Loir-2-768x964.jpg 768w, https:\/\/www.lesportesdelanjou.com\/wp-content\/uploads\/2023\/10\/Camping-Les-Portes-de-lAnjou-Bord-du-Loir-2.jpg 860w\" sizes=\"(max-width: 815px) 100vw, 815px\" \/><\/figure>\n\n\n\n<figure class=\"wp-block-image size-full\"><img width=\"1024\" height=\"640\" src=\"https:\/\/www.lesportesdelanjou.com\/wp-content\/uploads\/2023\/10\/Camping-Les-Portes-de-lAnjou-Brochet-160921-1024x640.jpg\" alt=\"\" class=\"wp-image-1504\" srcset=\"https:\/\/www.lesportesdelanjou.com\/wp-content\/uploads\/2023\/10\/Camping-Les-Portes-de-lAnjou-Brochet-160921-1024x640.jpg 1024w, https:\/\/www.lesportesdelanjou.com\/wp-content\/uploads\/2023\/10\/Camping-Les-Portes-de-lAnjou-Brochet-160921-300x188.jpg 300w, https:\/\/www.lesportesdelanjou.com\/wp-content\/uploads\/2023\/10\/Camping-Les-Portes-de-lAnjou-Brochet-160921-768x480.jpg 768w, https:\/\/www.lesportesdelanjou.com\/wp-content\/uploads\/2023\/10\/Camping-Les-Portes-de-lAnjou-Brochet-160921-1536x960.jpg 1536w, https:\/\/www.lesportesdelanjou.com\/wp-content\/uploads\/2023\/10\/Camping-Les-Portes-de-lAnjou-Brochet-160921.jpg 1920w\" sizes=\"(max-width: 1024px) 100vw, 1024px\" \/><\/figure>\n\n\n\n<figure class=\"wp-block-image size-full\"><img width=\"1024\" height=\"640\" src=\"https:\/\/www.lesportesdelanjou.com\/wp-content\/uploads\/2023\/10\/Camping-les-Portes-de-lAnjou-Carpe-183kg-200523-1024x640.jpg\" alt=\"\" class=\"wp-image-1510\" srcset=\"https:\/\/www.lesportesdelanjou.com\/wp-content\/uploads\/2023\/10\/Camping-les-Portes-de-lAnjou-Carpe-183kg-200523-1024x640.jpg 1024w, https:\/\/www.lesportesdelanjou.com\/wp-content\/uploads\/2023\/10\/Camping-les-Portes-de-lAnjou-Carpe-183kg-200523-300x188.jpg 300w, https:\/\/www.lesportesdelanjou.com\/wp-content\/uploads\/2023\/10\/Camping-les-Portes-de-lAnjou-Carpe-183kg-200523-768x480.jpg 768w, https:\/\/www.lesportesdelanjou.com\/wp-content\/uploads\/2023\/10\/Camping-les-Portes-de-lAnjou-Carpe-183kg-200523-1536x960.jpg 1536w, https:\/\/www.lesportesdelanjou.com\/wp-content\/uploads\/2023\/10\/Camping-les-Portes-de-lAnjou-Carpe-183kg-200523.jpg 1920w\" sizes=\"(max-width: 1024px) 100vw, 1024px\" \/><\/figure>\n\n\n\n<figure class=\"wp-block-image size-full\"><img width=\"1024\" height=\"640\" src=\"https:\/\/www.lesportesdelanjou.com\/wp-content\/uploads\/2023\/10\/Camping-Les-Portes-de-lAnjou-Sandre-280522-1024x640.jpg\" alt=\"\" class=\"wp-image-1508\" srcset=\"https:\/\/www.lesportesdelanjou.com\/wp-content\/uploads\/2023\/10\/Camping-Les-Portes-de-lAnjou-Sandre-280522-1024x640.jpg 1024w, https:\/\/www.lesportesdelanjou.com\/wp-content\/uploads\/2023\/10\/Camping-Les-Portes-de-lAnjou-Sandre-280522-300x188.jpg 300w, https:\/\/www.lesportesdelanjou.com\/wp-content\/uploads\/2023\/10\/Camping-Les-Portes-de-lAnjou-Sandre-280522-768x480.jpg 768w, https:\/\/www.lesportesdelanjou.com\/wp-content\/uploads\/2023\/10\/Camping-Les-Portes-de-lAnjou-Sandre-280522-1536x960.jpg 1536w, https:\/\/www.lesportesdelanjou.com\/wp-content\/uploads\/2023\/10\/Camping-Les-Portes-de-lAnjou-Sandre-280522.jpg 1920w\" sizes=\"(max-width: 1024px) 100vw, 1024px\" \/><\/figure>\n\n\n\n<figure class=\"wp-block-image size-full\"><img src=\"https:\/\/www.lesportesdelanjou.com\/wp-content\/uploads\/2023\/10\/Camping_Les-Portes-de-lAnjou_Durtal_6-&#xA9;Plessis-Nicolas_-1024x640.jpg\" alt=\"\" class=\"wp-image-1502\"\/><\/figure>\n\n\n\n<figure class=\"wp-block-image size-full\"><img src=\"https:\/\/www.lesportesdelanjou.com\/wp-content\/uploads\/2023\/10\/Camping_Les-Portes-de-lAnjou_Durtal_9-&#xA9;Plessis-Nicolas_-1024x640.jpg\" alt=\"\" class=\"wp-image-1512\"\/><\/figure>\n\n\n\n<figure class=\"wp-block-image size-full\"><img src=\"https:\/\/www.lesportesdelanjou.com\/wp-content\/uploads\/2023\/10\/MOCamping_Les-Portes-de-lAnjou_Durtal_7-&#xA9;Plessis-Nicolas_-1024x640.jpg\" alt=\"\" class=\"wp-image-1516\"\/><\/figure>\n<\/figure>\n<\/div>\n<\/div>\n\n<h2 class=\"has-text-align-center has-vert-fonce-color has-text-color\" id=\"visites-et-activites\">Tours and activities<\/h2>\n\n<div class=\"lae-widget\" data-id=\"https:\/\/widget.laetis.fr\/v2\/anjou-tourisme\/wvisites-activites?wei0%5Bid0%5D=%7CLiAnjouBilletterieV02%7CDefaut%7C10%7C1%7CMoAnjouBilletterieV05%7C%7C-gl~47.670898~-0.243812~35%7C%7CFO%7CFO%7CFA&#038;userDefinedEnginePrms=anjou-tourisme&#038;userDefinedOis=undefined&#038;widgetParams=undefined?auto=0&#038;nb=10&#038;width=auto&#038;height=auto&#038;bgc=%23FFFFFF&#038;txtc=%23161616&#038;thc=%231b6f5c&#038;mode=diaporama&#038;lang=fr&#038;txt_filter=&#038;mode_diffusio_3=list-diffusio\"><\/div>\n","protected":false},"excerpt":{"rendered":"<p>Animations &amp; loisirs aux Portes de l&#8217;Anjou near La Fl\u00e8che Discover the activities on offer at our 3-star campsite in Durtal, 30 minutes from Angers in Maine et Loire. Children&#8217;s paradise For unforgettable moments, Les Portes de l&#8217;Anjou in Durtal offers a wide choice of activities and leisure activities for your children. For the little [&hellip;]<\/p>\n","protected":false},"author":1,"featured_media":0,"parent":0,"menu_order":0,"comment_status":"closed","ping_status":"closed","template":"","meta":[],"acf":[],"_links":{"self":[{"href":"https:\/\/www.lesportesdelanjou.com\/en\/wp-json\/wp\/v2\/pages\/1217"}],"collection":[{"href":"https:\/\/www.lesportesdelanjou.com\/en\/wp-json\/wp\/v2\/pages"}],"about":[{"href":"https:\/\/www.lesportesdelanjou.com\/en\/wp-json\/wp\/v2\/types\/page"}],"author":[{"embeddable":true,"href":"https:\/\/www.lesportesdelanjou.com\/en\/wp-json\/wp\/v2\/users\/1"}],"replies":[{"embeddable":true,"href":"https:\/\/www.lesportesdelanjou.com\/en\/wp-json\/wp\/v2\/comments?post=1217"}],"version-history":[{"count":6,"href":"https:\/\/www.lesportesdelanjou.com\/en\/wp-json\/wp\/v2\/pages\/1217\/revisions"}],"predecessor-version":[{"id":2367,"href":"https:\/\/www.lesportesdelanjou.com\/en\/wp-json\/wp\/v2\/pages\/1217\/revisions\/2367"}],"wp:attachment":[{"href":"https:\/\/www.lesportesdelanjou.com\/en\/wp-json\/wp\/v2\/media?parent=1217"}],"curies":[{"name":"wp","href":"https:\/\/api.w.org\/{rel}","templated":true}]}}