{"id":1233,"date":"2023-10-06T16:01:40","date_gmt":"2023-10-06T14:01:40","guid":{"rendered":"https:\/\/www.lesportesdelanjou.com\/surroundings\/la-fleche-zoo\/"},"modified":"2023-10-24T09:27:06","modified_gmt":"2023-10-24T07:27:06","slug":"la-fleche-zoo","status":"publish","type":"page","link":"https:\/\/www.lesportesdelanjou.com\/en\/surroundings\/la-fleche-zoo\/","title":{"rendered":"La Fl\u00e8che Zoo"},"content":{"rendered":"\n<div class=\"wp-block-cover alignfull\"><span aria-hidden=\"true\" class=\"wp-block-cover__gradient-background has-background-dim\"><\/span><img width=\"1200\" height=\"800\" class=\"wp-block-cover__image-background wp-image-774\" alt=\"\" src=\"https:\/\/www.lesportesdelanjou.com\/wp-content\/uploads\/2023\/03\/photo-636882452943070489-2.jpg\" style=\"object-position:50% 20%\" data-object-fit=\"cover\" data-object-position=\"50% 20%\" srcset=\"https:\/\/www.lesportesdelanjou.com\/wp-content\/uploads\/2023\/03\/photo-636882452943070489-2.jpg 1200w, https:\/\/www.lesportesdelanjou.com\/wp-content\/uploads\/2023\/03\/photo-636882452943070489-2-300x200.jpg 300w, https:\/\/www.lesportesdelanjou.com\/wp-content\/uploads\/2023\/03\/photo-636882452943070489-2-1024x683.jpg 1024w, https:\/\/www.lesportesdelanjou.com\/wp-content\/uploads\/2023\/03\/photo-636882452943070489-2-768x512.jpg 768w\" sizes=\"(max-width: 1200px) 100vw, 1200px\" \/><div class=\"wp-block-cover__inner-container\">\n<p class=\"has-text-align-center has-large-font-size\"><\/p>\n<\/div><\/div>\n\n<div class=\"wp-block-media-text alignfull has-media-on-the-right is-stacked-on-mobile is-image-fill A-05\"><figure class=\"wp-block-media-text__media\" style=\"background-image:url(https:\/\/www.lesportesdelanjou.com\/wp-content\/uploads\/2023\/03\/photo-636500494468667492-1-1024x682.jpg);background-position:50% 50%\"><img width=\"1024\" height=\"682\" src=\"https:\/\/www.lesportesdelanjou.com\/wp-content\/uploads\/2023\/03\/photo-636500494468667492-1-1024x682.jpg\" alt=\"\" class=\"wp-image-732 size-full\" srcset=\"https:\/\/www.lesportesdelanjou.com\/wp-content\/uploads\/2023\/03\/photo-636500494468667492-1-1024x682.jpg 1024w, https:\/\/www.lesportesdelanjou.com\/wp-content\/uploads\/2023\/03\/photo-636500494468667492-1-300x200.jpg 300w, https:\/\/www.lesportesdelanjou.com\/wp-content\/uploads\/2023\/03\/photo-636500494468667492-1-768x511.jpg 768w, https:\/\/www.lesportesdelanjou.com\/wp-content\/uploads\/2023\/03\/photo-636500494468667492-1.jpg 1202w\" sizes=\"(max-width: 1024px) 100vw, 1024px\" \/><\/figure><div class=\"wp-block-media-text__content\">\n<h1 class=\"has-vert-fonce-color has-text-color\" id=\"tourisme-a-durtal-1\">La Fl\u00e8che Zoo<\/h1>\n\n\n\n<h2 class=\"p\" id=\"envie-d-un-sejour-unique-tout-proche-du-celebre-zoo-de-la-fleche-notre-camping-3-etoiles-est-la-destination-parfaite\">For a unique stay close to the famous La Fl\u00e8che Zoo, our 3-star campsite is the perfect destination.<\/h2>\n\n\n\n<p>A visit to <strong>La Fl\u00e8che Zoo<\/strong> is a must for a successful stay.<\/p>\n\n\n\n<p>The Zoo de la Fl\u00e8che is an emblematic park that skilfully combines <strong>respect for biodiversity <\/strong>and the <strong>wonder of visitors<\/strong>.<\/p>\n\n\n\n<p>This unique place is <strong>18 hectares<\/strong> dedicated to visitors and <strong>1500 animals<\/strong> to admire and discover throughout your visit.<\/p>\n\n\n\n<p>During this excursion, you&#8217;ll have the chance to admire the <strong>160 different species<\/strong> that live in the park.<\/p>\n\n\n\n<p>Afterwards, you&#8217;ll be able to enjoy all the<strong> shows and entertainment<\/strong> on offer at La Fl\u00e8che Zoo.<\/p>\n\n\n\n<p>What&#8217;s more, there are plenty of places to eat on site, or you can opt for a picnic.<\/p>\n\n\n\n<p><strong>For more information, <a href=\"https:\/\/www.zoo-la-fleche.com\/\" target=\"_blank\" rel=\"noreferrer noopener\">click here<\/a><\/strong><\/p>\n\n\n\n<p><strong>PASS FAMILY card available at the campsite reception desk, entitling you to a discount on your entrance ticket.<\/strong><\/p>\n\n\n\n<p><strong>(Pass valid on the day of your visit for you and all accompanying persons: family, friends&#8230;)<\/strong><\/p>\n<\/div><\/div>\n\n<div class=\"wp-container-69e1c2ea8a2a0 wp-block-group margin-top\"><div class=\"wp-block-group__inner-container\">\n<p class=\"has-text-align-center h2 has-vert-fonce-color has-text-color\" id=\"decouvrir-aussi-dans-la-region\">D\u00e9couvrir aussi dans la r\u00e9gion&#8230;<\/p>\n\n\n\n<div class=\"wp-block-columns A-20 diaporama--3\">\n<div class=\"wp-block-column\">\n<div class=\"wp-block-image\"><figure class=\"aligncenter size-large\"><img width=\"1024\" height=\"576\" src=\"https:\/\/www.lesportesdelanjou.com\/wp-content\/uploads\/2023\/03\/photo-636500495861703889-1-1024x576.jpg\" alt=\"\" class=\"wp-image-734\" srcset=\"https:\/\/www.lesportesdelanjou.com\/wp-content\/uploads\/2023\/03\/photo-636500495861703889-1-1024x576.jpg 1024w, https:\/\/www.lesportesdelanjou.com\/wp-content\/uploads\/2023\/03\/photo-636500495861703889-1-300x169.jpg 300w, https:\/\/www.lesportesdelanjou.com\/wp-content\/uploads\/2023\/03\/photo-636500495861703889-1-768x432.jpg 768w, https:\/\/www.lesportesdelanjou.com\/wp-content\/uploads\/2023\/03\/photo-636500495861703889-1.jpg 1423w\" sizes=\"(max-width: 1024px) 100vw, 1024px\" \/><\/figure><\/div>\n\n\n\n<h2 class=\"has-text-align-center h3\" id=\"angers-patrimoine-et-culture\">Angers: heritage and culture<\/h2>\n\n\n\n<div class=\"wp-container-69e1c2ea88aa9 wp-block-buttons\">\n<div class=\"wp-block-button\"><a class=\"wp-block-button__link\" href=\"https:\/\/www.lesportesdelanjou.com\/en\/surroundings\/angers-heritage-and-culture\/\">Discover<\/a><\/div>\n<\/div>\n<\/div>\n\n\n\n<div class=\"wp-block-column\">\n<div class=\"wp-block-image\"><figure class=\"aligncenter size-full\"><img width=\"779\" height=\"466\" src=\"https:\/\/www.lesportesdelanjou.com\/wp-content\/uploads\/2023\/03\/photo-636500500529435461-1.jpg\" alt=\"\" class=\"wp-image-712\" srcset=\"https:\/\/www.lesportesdelanjou.com\/wp-content\/uploads\/2023\/03\/photo-636500500529435461-1.jpg 779w, https:\/\/www.lesportesdelanjou.com\/wp-content\/uploads\/2023\/03\/photo-636500500529435461-1-300x179.jpg 300w, https:\/\/www.lesportesdelanjou.com\/wp-content\/uploads\/2023\/03\/photo-636500500529435461-1-768x459.jpg 768w\" sizes=\"(max-width: 779px) 100vw, 779px\" \/><\/figure><\/div>\n\n\n\n<h2 class=\"has-text-align-center h3\" id=\"vallee-du-loir\">Loir Valley<\/h2>\n\n\n\n<div class=\"wp-container-69e1c2ea88d73 wp-block-buttons\">\n<div class=\"wp-block-button\"><a class=\"wp-block-button__link\" href=\"https:\/\/www.lesportesdelanjou.com\/en\/surroundings\/loir-valley\/\">Discover<\/a><\/div>\n<\/div>\n<\/div>\n\n\n\n<div class=\"wp-block-column\">\n<div class=\"wp-block-image\"><figure class=\"aligncenter size-large\"><img width=\"1024\" height=\"652\" src=\"https:\/\/www.lesportesdelanjou.com\/wp-content\/uploads\/2023\/03\/photo-636500497625197597-1-1024x652.jpg\" alt=\"\" class=\"wp-image-714\" srcset=\"https:\/\/www.lesportesdelanjou.com\/wp-content\/uploads\/2023\/03\/photo-636500497625197597-1-1024x652.jpg 1024w, https:\/\/www.lesportesdelanjou.com\/wp-content\/uploads\/2023\/03\/photo-636500497625197597-1-300x191.jpg 300w, https:\/\/www.lesportesdelanjou.com\/wp-content\/uploads\/2023\/03\/photo-636500497625197597-1-768x489.jpg 768w, https:\/\/www.lesportesdelanjou.com\/wp-content\/uploads\/2023\/03\/photo-636500497625197597-1.jpg 1257w\" sizes=\"(max-width: 1024px) 100vw, 1024px\" \/><\/figure><\/div>\n\n\n\n<h2 class=\"has-text-align-center h3\" id=\"le-mans-la-ville-des-24h\">Le Mans: the city of the 24h<\/h2>\n\n\n\n<div class=\"wp-container-69e1c2ea8900f wp-block-buttons\">\n<div class=\"wp-block-button\"><a class=\"wp-block-button__link\" href=\"https:\/\/www.lesportesdelanjou.com\/en\/surroundings\/le-mans-the-city-of-the-24h\/\">Discover<\/a><\/div>\n<\/div>\n<\/div>\n\n\n\n<div class=\"wp-block-column\">\n<div class=\"wp-block-image\"><figure class=\"aligncenter size-full\"><img width=\"1024\" height=\"683\" src=\"https:\/\/www.lesportesdelanjou.com\/wp-content\/uploads\/2023\/10\/Terra_Botanica-cBertrand_BECHARD-6331-AnjouTourisme.jpg\" alt=\"\" class=\"wp-image-1829\" srcset=\"https:\/\/www.lesportesdelanjou.com\/wp-content\/uploads\/2023\/10\/Terra_Botanica-cBertrand_BECHARD-6331-AnjouTourisme.jpg 1024w, https:\/\/www.lesportesdelanjou.com\/wp-content\/uploads\/2023\/10\/Terra_Botanica-cBertrand_BECHARD-6331-AnjouTourisme-300x200.jpg 300w, https:\/\/www.lesportesdelanjou.com\/wp-content\/uploads\/2023\/10\/Terra_Botanica-cBertrand_BECHARD-6331-AnjouTourisme-768x512.jpg 768w\" sizes=\"(max-width: 1024px) 100vw, 1024px\" \/><\/figure><\/div>\n\n\n\n<h2 class=\"has-text-align-center h3\" id=\"gastronomie-marches\">Terra Botanica<\/h2>\n\n\n\n<div class=\"wp-container-69e1c2ea892bc wp-block-buttons\">\n<div class=\"wp-block-button\"><a class=\"wp-block-button__link\" href=\"https:\/\/www.lesportesdelanjou.com\/en\/surroundings\/terra-botanica\/\">Discover<\/a><\/div>\n<\/div>\n<\/div>\n\n\n\n<div class=\"wp-block-column\">\n<div class=\"wp-block-image\"><figure class=\"aligncenter size-full\"><img width=\"779\" height=\"466\" src=\"https:\/\/www.lesportesdelanjou.com\/wp-content\/uploads\/2023\/03\/photo-636500508796012372-1.jpg\" alt=\"\" class=\"wp-image-720\" srcset=\"https:\/\/www.lesportesdelanjou.com\/wp-content\/uploads\/2023\/03\/photo-636500508796012372-1.jpg 779w, https:\/\/www.lesportesdelanjou.com\/wp-content\/uploads\/2023\/03\/photo-636500508796012372-1-300x179.jpg 300w, https:\/\/www.lesportesdelanjou.com\/wp-content\/uploads\/2023\/03\/photo-636500508796012372-1-768x459.jpg 768w\" sizes=\"(max-width: 779px) 100vw, 779px\" \/><\/figure><\/div>\n\n\n\n<h2 class=\"has-text-align-center h3\" id=\"espaces-naturels-randonnees-dont-le-gr35\">Natural Spaces <br\/>&amp; Hiking, including the GR35<\/h2>\n\n\n\n<div class=\"wp-container-69e1c2ea89575 wp-block-buttons\">\n<div class=\"wp-block-button\"><a class=\"wp-block-button__link\" href=\"https:\/\/www.lesportesdelanjou.com\/en\/surroundings\/natural-areas\/\">Discover<\/a><\/div>\n<\/div>\n<\/div>\n\n\n\n<div class=\"wp-block-column\">\n<div class=\"wp-block-image\"><figure class=\"aligncenter size-large\"><img width=\"1024\" height=\"676\" src=\"https:\/\/www.lesportesdelanjou.com\/wp-content\/uploads\/2023\/03\/photo-636878980390542541-2-1024x676.jpg\" alt=\"\" class=\"wp-image-724\" srcset=\"https:\/\/www.lesportesdelanjou.com\/wp-content\/uploads\/2023\/03\/photo-636878980390542541-2-1024x676.jpg 1024w, https:\/\/www.lesportesdelanjou.com\/wp-content\/uploads\/2023\/03\/photo-636878980390542541-2-300x198.jpg 300w, https:\/\/www.lesportesdelanjou.com\/wp-content\/uploads\/2023\/03\/photo-636878980390542541-2-768x507.jpg 768w, https:\/\/www.lesportesdelanjou.com\/wp-content\/uploads\/2023\/03\/photo-636878980390542541-2.jpg 1212w\" sizes=\"(max-width: 1024px) 100vw, 1024px\" \/><\/figure><\/div>\n\n\n\n<h2 class=\"has-text-align-center h3\" id=\"bioparc\">Biopark<\/h2>\n\n\n\n<div class=\"wp-container-69e1c2ea89824 wp-block-buttons\">\n<div class=\"wp-block-button\"><a class=\"wp-block-button__link\" href=\"https:\/\/www.lesportesdelanjou.com\/en\/surroundings\/biopark\/\">Discover<\/a><\/div>\n<\/div>\n<\/div>\n\n\n\n<div class=\"wp-block-column\">\n<div class=\"wp-block-image\"><figure class=\"aligncenter size-large\"><img width=\"1024\" height=\"640\" src=\"https:\/\/www.lesportesdelanjou.com\/wp-content\/uploads\/2023\/10\/Hotel-Dieu_de_Bauge-cSisco-6130-AnjouTourisme-1024x640.jpg\" alt=\"\" class=\"wp-image-1601\" srcset=\"https:\/\/www.lesportesdelanjou.com\/wp-content\/uploads\/2023\/10\/Hotel-Dieu_de_Bauge-cSisco-6130-AnjouTourisme-1024x640.jpg 1024w, https:\/\/www.lesportesdelanjou.com\/wp-content\/uploads\/2023\/10\/Hotel-Dieu_de_Bauge-cSisco-6130-AnjouTourisme-300x188.jpg 300w, https:\/\/www.lesportesdelanjou.com\/wp-content\/uploads\/2023\/10\/Hotel-Dieu_de_Bauge-cSisco-6130-AnjouTourisme-768x480.jpg 768w, https:\/\/www.lesportesdelanjou.com\/wp-content\/uploads\/2023\/10\/Hotel-Dieu_de_Bauge-cSisco-6130-AnjouTourisme-1536x960.jpg 1536w, https:\/\/www.lesportesdelanjou.com\/wp-content\/uploads\/2023\/10\/Hotel-Dieu_de_Bauge-cSisco-6130-AnjouTourisme.jpg 1920w\" sizes=\"(max-width: 1024px) 100vw, 1024px\" \/><\/figure><\/div>\n\n\n\n<h2 class=\"has-text-align-center h3\" id=\"les-chateaux-de-l-anjou\">Castles of Anjou<\/h2>\n\n\n\n<div class=\"wp-container-69e1c2ea89ae4 wp-block-buttons\">\n<div class=\"wp-block-button\"><a class=\"wp-block-button__link\" href=\"https:\/\/www.lesportesdelanjou.com\/en\/surroundings\/the-loire-castles\/\">Discover<\/a><\/div>\n<\/div>\n<\/div>\n\n\n\n<div class=\"wp-block-column\">\n<div class=\"wp-block-image\"><figure class=\"aligncenter size-large\"><img width=\"1024\" height=\"682\" src=\"https:\/\/www.lesportesdelanjou.com\/wp-content\/uploads\/2023\/03\/photo-636512900167275536-1-1024x682.jpg\" alt=\"\" class=\"wp-image-728\" srcset=\"https:\/\/www.lesportesdelanjou.com\/wp-content\/uploads\/2023\/03\/photo-636512900167275536-1-1024x682.jpg 1024w, https:\/\/www.lesportesdelanjou.com\/wp-content\/uploads\/2023\/03\/photo-636512900167275536-1-300x200.jpg 300w, https:\/\/www.lesportesdelanjou.com\/wp-content\/uploads\/2023\/03\/photo-636512900167275536-1-768x512.jpg 768w, https:\/\/www.lesportesdelanjou.com\/wp-content\/uploads\/2023\/03\/photo-636512900167275536-1.jpg 1201w\" sizes=\"(max-width: 1024px) 100vw, 1024px\" \/><\/figure><\/div>\n\n\n\n<h2 class=\"has-text-align-center h3\" id=\"le-puy-du-fou\">Le Puy du Fou<\/h2>\n\n\n\n<div class=\"wp-container-69e1c2ea89d9a wp-block-buttons\">\n<div class=\"wp-block-button\"><a class=\"wp-block-button__link\" href=\"https:\/\/www.lesportesdelanjou.com\/en\/surroundings\/le-puy-du-fou\/\">Discover<\/a><\/div>\n<\/div>\n<\/div>\n\n\n\n<div class=\"wp-block-column\">\n<div class=\"wp-block-image\"><figure class=\"aligncenter size-large\"><img width=\"1024\" height=\"640\" src=\"https:\/\/www.lesportesdelanjou.com\/wp-content\/uploads\/2023\/10\/Chateau_de_Saumur-cLUG_creation-1570-AnjouTourisme-1024x640.jpg\" alt=\"\" class=\"wp-image-1588\" srcset=\"https:\/\/www.lesportesdelanjou.com\/wp-content\/uploads\/2023\/10\/Chateau_de_Saumur-cLUG_creation-1570-AnjouTourisme-1024x640.jpg 1024w, https:\/\/www.lesportesdelanjou.com\/wp-content\/uploads\/2023\/10\/Chateau_de_Saumur-cLUG_creation-1570-AnjouTourisme-300x188.jpg 300w, https:\/\/www.lesportesdelanjou.com\/wp-content\/uploads\/2023\/10\/Chateau_de_Saumur-cLUG_creation-1570-AnjouTourisme-768x480.jpg 768w, https:\/\/www.lesportesdelanjou.com\/wp-content\/uploads\/2023\/10\/Chateau_de_Saumur-cLUG_creation-1570-AnjouTourisme-1536x960.jpg 1536w, https:\/\/www.lesportesdelanjou.com\/wp-content\/uploads\/2023\/10\/Chateau_de_Saumur-cLUG_creation-1570-AnjouTourisme.jpg 1920w\" sizes=\"(max-width: 1024px) 100vw, 1024px\" \/><\/figure><\/div>\n\n\n\n<h2 class=\"has-text-align-center h3\" id=\"saumur-en-val-de-loire\">Saumur in the Loire Valley<\/h2>\n\n\n\n<div class=\"wp-container-69e1c2ea8a041 wp-block-buttons\">\n<div class=\"wp-block-button\"><a class=\"wp-block-button__link\" href=\"https:\/\/www.lesportesdelanjou.com\/en\/surroundings\/saumur-in-the-loire-valley\/\">Discover<\/a><\/div>\n<\/div>\n<\/div>\n<\/div>\n<\/div><\/div>\n","protected":false},"excerpt":{"rendered":"<p>La Fl\u00e8che Zoo For a unique stay close to the famous La Fl\u00e8che Zoo, our 3-star campsite is the perfect destination. A visit to La Fl\u00e8che Zoo is a must for a successful stay. The Zoo de la Fl\u00e8che is an emblematic park that skilfully combines respect for biodiversity and the wonder of visitors. This [&hellip;]<\/p>\n","protected":false},"author":1,"featured_media":0,"parent":1174,"menu_order":0,"comment_status":"closed","ping_status":"closed","template":"","meta":[],"acf":[],"_links":{"self":[{"href":"https:\/\/www.lesportesdelanjou.com\/en\/wp-json\/wp\/v2\/pages\/1233"}],"collection":[{"href":"https:\/\/www.lesportesdelanjou.com\/en\/wp-json\/wp\/v2\/pages"}],"about":[{"href":"https:\/\/www.lesportesdelanjou.com\/en\/wp-json\/wp\/v2\/types\/page"}],"author":[{"embeddable":true,"href":"https:\/\/www.lesportesdelanjou.com\/en\/wp-json\/wp\/v2\/users\/1"}],"replies":[{"embeddable":true,"href":"https:\/\/www.lesportesdelanjou.com\/en\/wp-json\/wp\/v2\/comments?post=1233"}],"version-history":[{"count":6,"href":"https:\/\/www.lesportesdelanjou.com\/en\/wp-json\/wp\/v2\/pages\/1233\/revisions"}],"predecessor-version":[{"id":1992,"href":"https:\/\/www.lesportesdelanjou.com\/en\/wp-json\/wp\/v2\/pages\/1233\/revisions\/1992"}],"up":[{"embeddable":true,"href":"https:\/\/www.lesportesdelanjou.com\/en\/wp-json\/wp\/v2\/pages\/1174"}],"wp:attachment":[{"href":"https:\/\/www.lesportesdelanjou.com\/en\/wp-json\/wp\/v2\/media?parent=1233"}],"curies":[{"name":"wp","href":"https:\/\/api.w.org\/{rel}","templated":true}]}}