{"id":1239,"date":"2023-10-06T16:01:50","date_gmt":"2023-10-06T14:01:50","guid":{"rendered":"https:\/\/www.lesportesdelanjou.com\/surroundings\/loir-valley\/"},"modified":"2023-10-24T09:16:41","modified_gmt":"2023-10-24T07:16:41","slug":"loir-valley","status":"publish","type":"page","link":"https:\/\/www.lesportesdelanjou.com\/en\/surroundings\/loir-valley\/","title":{"rendered":"Loir Valley"},"content":{"rendered":"\n<div class=\"wp-block-cover alignfull\"><span aria-hidden=\"true\" class=\"wp-block-cover__gradient-background has-background-dim\"><\/span><img width=\"2560\" height=\"1704\" class=\"wp-block-cover__image-background wp-image-808\" alt=\"\" src=\"https:\/\/www.lesportesdelanjou.com\/wp-content\/uploads\/2023\/03\/Le_chateau_de_Bazouges-scaled.jpg\" data-object-fit=\"cover\" srcset=\"https:\/\/www.lesportesdelanjou.com\/wp-content\/uploads\/2023\/03\/Le_chateau_de_Bazouges-scaled.jpg 2560w, https:\/\/www.lesportesdelanjou.com\/wp-content\/uploads\/2023\/03\/Le_chateau_de_Bazouges-300x200.jpg 300w, https:\/\/www.lesportesdelanjou.com\/wp-content\/uploads\/2023\/03\/Le_chateau_de_Bazouges-1024x682.jpg 1024w, https:\/\/www.lesportesdelanjou.com\/wp-content\/uploads\/2023\/03\/Le_chateau_de_Bazouges-768x511.jpg 768w, https:\/\/www.lesportesdelanjou.com\/wp-content\/uploads\/2023\/03\/Le_chateau_de_Bazouges-1536x1023.jpg 1536w, https:\/\/www.lesportesdelanjou.com\/wp-content\/uploads\/2023\/03\/Le_chateau_de_Bazouges-2048x1364.jpg 2048w\" sizes=\"(max-width: 2560px) 100vw, 2560px\" \/><div class=\"wp-block-cover__inner-container\">\n<p class=\"has-text-align-center has-large-font-size\"><\/p>\n<\/div><\/div>\n\n<div class=\"wp-block-media-text alignfull has-media-on-the-right is-stacked-on-mobile is-image-fill A-05\"><figure class=\"wp-block-media-text__media\" style=\"background-image:url(https:\/\/www.lesportesdelanjou.com\/wp-content\/uploads\/2023\/03\/14283832193_3321d43321_b.jpg);background-position:50% 50%\"><img width=\"1024\" height=\"683\" src=\"https:\/\/www.lesportesdelanjou.com\/wp-content\/uploads\/2023\/03\/14283832193_3321d43321_b.jpg\" alt=\"\" class=\"wp-image-810 size-full\" srcset=\"https:\/\/www.lesportesdelanjou.com\/wp-content\/uploads\/2023\/03\/14283832193_3321d43321_b.jpg 1024w, https:\/\/www.lesportesdelanjou.com\/wp-content\/uploads\/2023\/03\/14283832193_3321d43321_b-300x200.jpg 300w, https:\/\/www.lesportesdelanjou.com\/wp-content\/uploads\/2023\/03\/14283832193_3321d43321_b-768x512.jpg 768w\" sizes=\"(max-width: 1024px) 100vw, 1024px\" \/><\/figure><div class=\"wp-block-media-text__content\">\n<h1 class=\"has-vert-fonce-color has-text-color\" id=\"tourisme-a-durtal-1\">Loir Valley<\/h1>\n\n\n\n<h2 id=\"la-vallee-du-loir-a-velo-veloroute-v47\">The Loir valley by bike &#8211; <a href=\"https:\/\/www.francevelotourisme.com\/itineraire\/la-vallee-du-loir-a-velo\" target=\"_blank\" rel=\"noreferrer noopener\">V47 cycle route<\/a><\/h2>\n\n\n\n<p>This 320km route runs along the Loir river through Eure-et-Loir, Loir-et-Cher, Sarthe and Anjou. From Saint Eman (near Chartres) to Angers, this is the first cycle route in France to follow a river from its source. In Angers, you can join the &#8220;Loire \u00e0 v\u00e9lo&#8221; route.<\/p>\n\n\n\n<p>Located on this route, Les Portes de l&#8217;Anjou campsite welcomes you for a well-deserved break.<\/p>\n\n\n\n<h2 id=\"bazouges-la-fleche-le-lude\"><a href=\"https:\/\/www.vallee-du-loir.com\/a-voir-a-faire-2\/sites-a-visiter\/\" target=\"_blank\" rel=\"noreferrer noopener\">Bazouges &#8211; La Fl\u00e8che &#8211; Le Lude<\/a><\/h2>\n\n\n\n<p>Let yourself be seduced by the rich heritage of the Loir Valley, with visits to castles, mills and theaters. Something for everyone<\/p>\n\n\n\n<h2 id=\"bazouges-la-fleche-le-lude\"><a href=\"https:\/\/www.ville-lafleche.fr\/loisirs\/nature\/la-monnerie\/\" target=\"_blank\" rel=\"noreferrer noopener\">Base de Loisirs de la Monnerie in La Fl\u00e8che<\/a><\/h2>\n\n\n\n<p>Surrounded by a swimming lake bordered by a sandy beach and a fishing lake, the La Monnerie site welcomes walkers and nature lovers and has been awarded the Blue Flag label.<\/p>\n\n\n\n<p>8,000m\u00b2 beach with lifeguard surveillance in season.<br\/>Numerous leisure facilities and activities: fishing, beach soccer, beach volleyball, sailing club, pedal-boat and bicycle rentals, picnic tables, kite and boomerang promontory, mixed pedestrian\/cycle path along the lake, fitness trail, hiking trails, permanent orienteering course, disc golf course.<\/p>\n\n\n\n<div class=\"wp-container-69ff584665d11 wp-block-buttons\">\n<div class=\"wp-block-button btn_resa\"><a class=\"wp-block-button__link\"><i class=\"fal fa-search\"><\/i> Book<\/a><\/div>\n<\/div>\n<\/div><\/div>\n\n<div class=\"wp-container-69ff584667c6a wp-block-group margin-top\"><div class=\"wp-block-group__inner-container\">\n<p class=\"has-text-align-center h2 has-vert-fonce-color has-text-color\" id=\"decouvrir-aussi-dans-la-region\">D\u00e9couvrir aussi dans la r\u00e9gion&#8230;<\/p>\n\n\n\n<div class=\"wp-block-columns A-20 diaporama--3\">\n<div class=\"wp-block-column\">\n<div class=\"wp-block-image\"><figure class=\"aligncenter size-large\"><img width=\"1024\" height=\"682\" src=\"https:\/\/www.lesportesdelanjou.com\/wp-content\/uploads\/2023\/03\/photo-636500494468667492-1-1024x682.jpg\" alt=\"\" class=\"wp-image-732\" srcset=\"https:\/\/www.lesportesdelanjou.com\/wp-content\/uploads\/2023\/03\/photo-636500494468667492-1-1024x682.jpg 1024w, https:\/\/www.lesportesdelanjou.com\/wp-content\/uploads\/2023\/03\/photo-636500494468667492-1-300x200.jpg 300w, https:\/\/www.lesportesdelanjou.com\/wp-content\/uploads\/2023\/03\/photo-636500494468667492-1-768x511.jpg 768w, https:\/\/www.lesportesdelanjou.com\/wp-content\/uploads\/2023\/03\/photo-636500494468667492-1.jpg 1202w\" sizes=\"(max-width: 1024px) 100vw, 1024px\" \/><\/figure><\/div>\n\n\n\n<h2 class=\"has-text-align-center h3\" id=\"zoo-de-la-fleche\">La Fl\u00e8che Zoo<\/h2>\n\n\n\n<div class=\"wp-container-69ff58466607a wp-block-buttons\">\n<div class=\"wp-block-button\"><a class=\"wp-block-button__link\" href=\"https:\/\/www.lesportesdelanjou.com\/en\/surroundings\/la-fleche-zoo\/\">Discover<\/a><\/div>\n<\/div>\n<\/div>\n\n\n\n<div class=\"wp-block-column\">\n<div class=\"wp-block-image\"><figure class=\"aligncenter size-large\"><img width=\"1024\" height=\"576\" src=\"https:\/\/www.lesportesdelanjou.com\/wp-content\/uploads\/2023\/03\/photo-636500495861703889-1-1024x576.jpg\" alt=\"\" class=\"wp-image-734\" srcset=\"https:\/\/www.lesportesdelanjou.com\/wp-content\/uploads\/2023\/03\/photo-636500495861703889-1-1024x576.jpg 1024w, https:\/\/www.lesportesdelanjou.com\/wp-content\/uploads\/2023\/03\/photo-636500495861703889-1-300x169.jpg 300w, https:\/\/www.lesportesdelanjou.com\/wp-content\/uploads\/2023\/03\/photo-636500495861703889-1-768x432.jpg 768w, https:\/\/www.lesportesdelanjou.com\/wp-content\/uploads\/2023\/03\/photo-636500495861703889-1.jpg 1423w\" sizes=\"(max-width: 1024px) 100vw, 1024px\" \/><\/figure><\/div>\n\n\n\n<h2 class=\"has-text-align-center h3\" id=\"angers-patrimoine-et-culture\">Angers: heritage and culture<\/h2>\n\n\n\n<div class=\"wp-container-69ff58466638c wp-block-buttons\">\n<div class=\"wp-block-button\"><a class=\"wp-block-button__link\" href=\"https:\/\/www.lesportesdelanjou.com\/en\/surroundings\/angers-heritage-and-culture\/\">Discover<\/a><\/div>\n<\/div>\n<\/div>\n\n\n\n<div class=\"wp-block-column\">\n<div class=\"wp-block-image\"><figure class=\"aligncenter size-large\"><img width=\"1024\" height=\"652\" src=\"https:\/\/www.lesportesdelanjou.com\/wp-content\/uploads\/2023\/03\/photo-636500497625197597-1-1024x652.jpg\" alt=\"\" class=\"wp-image-714\" srcset=\"https:\/\/www.lesportesdelanjou.com\/wp-content\/uploads\/2023\/03\/photo-636500497625197597-1-1024x652.jpg 1024w, https:\/\/www.lesportesdelanjou.com\/wp-content\/uploads\/2023\/03\/photo-636500497625197597-1-300x191.jpg 300w, https:\/\/www.lesportesdelanjou.com\/wp-content\/uploads\/2023\/03\/photo-636500497625197597-1-768x489.jpg 768w, https:\/\/www.lesportesdelanjou.com\/wp-content\/uploads\/2023\/03\/photo-636500497625197597-1.jpg 1257w\" sizes=\"(max-width: 1024px) 100vw, 1024px\" \/><\/figure><\/div>\n\n\n\n<h2 class=\"has-text-align-center h3\" id=\"le-mans-la-ville-des-24h\">Le Mans: the city of the 24h<\/h2>\n\n\n\n<div class=\"wp-container-69ff584666698 wp-block-buttons\">\n<div class=\"wp-block-button\"><a class=\"wp-block-button__link\" href=\"https:\/\/www.lesportesdelanjou.com\/en\/surroundings\/le-mans-the-city-of-the-24h\/\">Discover<\/a><\/div>\n<\/div>\n<\/div>\n\n\n\n<div class=\"wp-block-column\">\n<div class=\"wp-block-image\"><figure class=\"aligncenter size-full\"><img width=\"1024\" height=\"683\" src=\"https:\/\/www.lesportesdelanjou.com\/wp-content\/uploads\/2023\/10\/Terra_Botanica-cBertrand_BECHARD-6331-AnjouTourisme.jpg\" alt=\"\" class=\"wp-image-1829\" srcset=\"https:\/\/www.lesportesdelanjou.com\/wp-content\/uploads\/2023\/10\/Terra_Botanica-cBertrand_BECHARD-6331-AnjouTourisme.jpg 1024w, https:\/\/www.lesportesdelanjou.com\/wp-content\/uploads\/2023\/10\/Terra_Botanica-cBertrand_BECHARD-6331-AnjouTourisme-300x200.jpg 300w, https:\/\/www.lesportesdelanjou.com\/wp-content\/uploads\/2023\/10\/Terra_Botanica-cBertrand_BECHARD-6331-AnjouTourisme-768x512.jpg 768w\" sizes=\"(max-width: 1024px) 100vw, 1024px\" \/><\/figure><\/div>\n\n\n\n<h2 class=\"has-text-align-center h3\" id=\"gastronomie-marches\">Terra Botanica<\/h2>\n\n\n\n<div class=\"wp-container-69ff5846669a7 wp-block-buttons\">\n<div class=\"wp-block-button\"><a class=\"wp-block-button__link\" href=\"https:\/\/www.lesportesdelanjou.com\/en\/surroundings\/terra-botanica\/\">Discover<\/a><\/div>\n<\/div>\n<\/div>\n\n\n\n<div class=\"wp-block-column\">\n<div class=\"wp-block-image\"><figure class=\"aligncenter size-full\"><img width=\"779\" height=\"466\" src=\"https:\/\/www.lesportesdelanjou.com\/wp-content\/uploads\/2023\/03\/photo-636500508796012372-1.jpg\" alt=\"\" class=\"wp-image-720\" srcset=\"https:\/\/www.lesportesdelanjou.com\/wp-content\/uploads\/2023\/03\/photo-636500508796012372-1.jpg 779w, https:\/\/www.lesportesdelanjou.com\/wp-content\/uploads\/2023\/03\/photo-636500508796012372-1-300x179.jpg 300w, https:\/\/www.lesportesdelanjou.com\/wp-content\/uploads\/2023\/03\/photo-636500508796012372-1-768x459.jpg 768w\" sizes=\"(max-width: 779px) 100vw, 779px\" \/><\/figure><\/div>\n\n\n\n<h2 class=\"has-text-align-center h3\" id=\"espaces-naturels-randonnees-dont-le-gr35\">Natural Spaces <br\/>&amp; Hiking, including the GR35<\/h2>\n\n\n\n<div class=\"wp-container-69ff584666cc6 wp-block-buttons\">\n<div class=\"wp-block-button\"><a class=\"wp-block-button__link\" href=\"https:\/\/www.lesportesdelanjou.com\/en\/surroundings\/natural-areas\/\">Discover<\/a><\/div>\n<\/div>\n<\/div>\n\n\n\n<div class=\"wp-block-column\">\n<div class=\"wp-block-image\"><figure class=\"aligncenter size-large\"><img width=\"1024\" height=\"676\" src=\"https:\/\/www.lesportesdelanjou.com\/wp-content\/uploads\/2023\/03\/photo-636878980390542541-2-1024x676.jpg\" alt=\"\" class=\"wp-image-724\" srcset=\"https:\/\/www.lesportesdelanjou.com\/wp-content\/uploads\/2023\/03\/photo-636878980390542541-2-1024x676.jpg 1024w, https:\/\/www.lesportesdelanjou.com\/wp-content\/uploads\/2023\/03\/photo-636878980390542541-2-300x198.jpg 300w, https:\/\/www.lesportesdelanjou.com\/wp-content\/uploads\/2023\/03\/photo-636878980390542541-2-768x507.jpg 768w, https:\/\/www.lesportesdelanjou.com\/wp-content\/uploads\/2023\/03\/photo-636878980390542541-2.jpg 1212w\" sizes=\"(max-width: 1024px) 100vw, 1024px\" \/><\/figure><\/div>\n\n\n\n<h2 class=\"has-text-align-center h3\" id=\"bioparc\">Biopark<\/h2>\n\n\n\n<div class=\"wp-container-69ff584666ff0 wp-block-buttons\">\n<div class=\"wp-block-button\"><a class=\"wp-block-button__link\" href=\"https:\/\/www.lesportesdelanjou.com\/en\/surroundings\/biopark\/\">Discover<\/a><\/div>\n<\/div>\n<\/div>\n\n\n\n<div class=\"wp-block-column\">\n<div class=\"wp-block-image\"><figure class=\"aligncenter size-large\"><img width=\"1024\" height=\"640\" src=\"https:\/\/www.lesportesdelanjou.com\/wp-content\/uploads\/2023\/10\/Hotel-Dieu_de_Bauge-cSisco-6130-AnjouTourisme-1024x640.jpg\" alt=\"\" class=\"wp-image-1601\" srcset=\"https:\/\/www.lesportesdelanjou.com\/wp-content\/uploads\/2023\/10\/Hotel-Dieu_de_Bauge-cSisco-6130-AnjouTourisme-1024x640.jpg 1024w, https:\/\/www.lesportesdelanjou.com\/wp-content\/uploads\/2023\/10\/Hotel-Dieu_de_Bauge-cSisco-6130-AnjouTourisme-300x188.jpg 300w, https:\/\/www.lesportesdelanjou.com\/wp-content\/uploads\/2023\/10\/Hotel-Dieu_de_Bauge-cSisco-6130-AnjouTourisme-768x480.jpg 768w, https:\/\/www.lesportesdelanjou.com\/wp-content\/uploads\/2023\/10\/Hotel-Dieu_de_Bauge-cSisco-6130-AnjouTourisme-1536x960.jpg 1536w, https:\/\/www.lesportesdelanjou.com\/wp-content\/uploads\/2023\/10\/Hotel-Dieu_de_Bauge-cSisco-6130-AnjouTourisme.jpg 1920w\" sizes=\"(max-width: 1024px) 100vw, 1024px\" \/><\/figure><\/div>\n\n\n\n<h2 class=\"has-text-align-center h3\" id=\"les-chateaux-de-l-anjou\">Castles of Anjou<\/h2>\n\n\n\n<div class=\"wp-container-69ff58466733a wp-block-buttons\">\n<div class=\"wp-block-button\"><a class=\"wp-block-button__link\" href=\"https:\/\/www.lesportesdelanjou.com\/en\/surroundings\/the-loire-castles\/\">Discover<\/a><\/div>\n<\/div>\n<\/div>\n\n\n\n<div class=\"wp-block-column\">\n<div class=\"wp-block-image\"><figure class=\"aligncenter size-large\"><img width=\"1024\" height=\"682\" src=\"https:\/\/www.lesportesdelanjou.com\/wp-content\/uploads\/2023\/03\/photo-636512900167275536-1-1024x682.jpg\" alt=\"\" class=\"wp-image-728\" srcset=\"https:\/\/www.lesportesdelanjou.com\/wp-content\/uploads\/2023\/03\/photo-636512900167275536-1-1024x682.jpg 1024w, https:\/\/www.lesportesdelanjou.com\/wp-content\/uploads\/2023\/03\/photo-636512900167275536-1-300x200.jpg 300w, https:\/\/www.lesportesdelanjou.com\/wp-content\/uploads\/2023\/03\/photo-636512900167275536-1-768x512.jpg 768w, https:\/\/www.lesportesdelanjou.com\/wp-content\/uploads\/2023\/03\/photo-636512900167275536-1.jpg 1201w\" sizes=\"(max-width: 1024px) 100vw, 1024px\" \/><\/figure><\/div>\n\n\n\n<h2 class=\"has-text-align-center h3\" id=\"le-puy-du-fou\">Le Puy du Fou<\/h2>\n\n\n\n<div class=\"wp-container-69ff584667644 wp-block-buttons\">\n<div class=\"wp-block-button\"><a class=\"wp-block-button__link\" href=\"https:\/\/www.lesportesdelanjou.com\/en\/surroundings\/le-puy-du-fou\/\">Discover<\/a><\/div>\n<\/div>\n<\/div>\n\n\n\n<div class=\"wp-block-column\">\n<div class=\"wp-block-image\"><figure class=\"aligncenter size-large\"><img width=\"1024\" height=\"640\" src=\"https:\/\/www.lesportesdelanjou.com\/wp-content\/uploads\/2023\/10\/Chateau_de_Saumur-cLUG_creation-1570-AnjouTourisme-1024x640.jpg\" alt=\"\" class=\"wp-image-1588\" srcset=\"https:\/\/www.lesportesdelanjou.com\/wp-content\/uploads\/2023\/10\/Chateau_de_Saumur-cLUG_creation-1570-AnjouTourisme-1024x640.jpg 1024w, https:\/\/www.lesportesdelanjou.com\/wp-content\/uploads\/2023\/10\/Chateau_de_Saumur-cLUG_creation-1570-AnjouTourisme-300x188.jpg 300w, https:\/\/www.lesportesdelanjou.com\/wp-content\/uploads\/2023\/10\/Chateau_de_Saumur-cLUG_creation-1570-AnjouTourisme-768x480.jpg 768w, https:\/\/www.lesportesdelanjou.com\/wp-content\/uploads\/2023\/10\/Chateau_de_Saumur-cLUG_creation-1570-AnjouTourisme-1536x960.jpg 1536w, https:\/\/www.lesportesdelanjou.com\/wp-content\/uploads\/2023\/10\/Chateau_de_Saumur-cLUG_creation-1570-AnjouTourisme.jpg 1920w\" sizes=\"(max-width: 1024px) 100vw, 1024px\" \/><\/figure><\/div>\n\n\n\n<h2 class=\"has-text-align-center h3\" id=\"saumur-en-val-de-loire\">Saumur in the Loire Valley<\/h2>\n\n\n\n<div class=\"wp-container-69ff5846679a0 wp-block-buttons\">\n<div class=\"wp-block-button\"><a class=\"wp-block-button__link\" href=\"https:\/\/www.lesportesdelanjou.com\/en\/surroundings\/saumur-in-the-loire-valley\/\">Discover<\/a><\/div>\n<\/div>\n<\/div>\n<\/div>\n<\/div><\/div>\n","protected":false},"excerpt":{"rendered":"<p>D\u00e9couvrir aussi dans la r\u00e9gion&#8230; La Fl\u00e8che Zoo Angers: heritage and culture Le Mans: the city of the 24h Terra Botanica Natural Spaces &amp; Hiking, including the GR35 Biopark Castles of Anjou Le Puy du Fou Saumur in the Loire Valley<\/p>\n","protected":false},"author":1,"featured_media":0,"parent":1174,"menu_order":0,"comment_status":"closed","ping_status":"closed","template":"","meta":[],"acf":[],"_links":{"self":[{"href":"https:\/\/www.lesportesdelanjou.com\/en\/wp-json\/wp\/v2\/pages\/1239"}],"collection":[{"href":"https:\/\/www.lesportesdelanjou.com\/en\/wp-json\/wp\/v2\/pages"}],"about":[{"href":"https:\/\/www.lesportesdelanjou.com\/en\/wp-json\/wp\/v2\/types\/page"}],"author":[{"embeddable":true,"href":"https:\/\/www.lesportesdelanjou.com\/en\/wp-json\/wp\/v2\/users\/1"}],"replies":[{"embeddable":true,"href":"https:\/\/www.lesportesdelanjou.com\/en\/wp-json\/wp\/v2\/comments?post=1239"}],"version-history":[{"count":6,"href":"https:\/\/www.lesportesdelanjou.com\/en\/wp-json\/wp\/v2\/pages\/1239\/revisions"}],"predecessor-version":[{"id":1959,"href":"https:\/\/www.lesportesdelanjou.com\/en\/wp-json\/wp\/v2\/pages\/1239\/revisions\/1959"}],"up":[{"embeddable":true,"href":"https:\/\/www.lesportesdelanjou.com\/en\/wp-json\/wp\/v2\/pages\/1174"}],"wp:attachment":[{"href":"https:\/\/www.lesportesdelanjou.com\/en\/wp-json\/wp\/v2\/media?parent=1239"}],"curies":[{"name":"wp","href":"https:\/\/api.w.org\/{rel}","templated":true}]}}