{"id":1279,"date":"2023-10-06T16:03:48","date_gmt":"2023-10-06T14:03:48","guid":{"rendered":"https:\/\/www.lesportesdelanjou.com\/surroundings\/biopark\/"},"modified":"2026-01-15T09:23:03","modified_gmt":"2026-01-15T08:23:03","slug":"biopark","status":"publish","type":"page","link":"https:\/\/www.lesportesdelanjou.com\/en\/surroundings\/biopark\/","title":{"rendered":"Biopark"},"content":{"rendered":"\n<div class=\"wp-block-cover alignfull\"><span aria-hidden=\"true\" class=\"wp-block-cover__gradient-background has-background-dim\"><\/span><img width=\"1920\" height=\"1200\" class=\"wp-block-cover__image-background wp-image-1612\" alt=\"\" src=\"https:\/\/www.lesportesdelanjou.com\/wp-content\/uploads\/2023\/10\/8-Sanctuaire-des-okapis-\u00a9-Bioparc.jpg\" data-object-fit=\"cover\" srcset=\"https:\/\/www.lesportesdelanjou.com\/wp-content\/uploads\/2023\/10\/8-Sanctuaire-des-okapis-\u00a9-Bioparc.jpg 1920w, https:\/\/www.lesportesdelanjou.com\/wp-content\/uploads\/2023\/10\/8-Sanctuaire-des-okapis-\u00a9-Bioparc-300x188.jpg 300w, https:\/\/www.lesportesdelanjou.com\/wp-content\/uploads\/2023\/10\/8-Sanctuaire-des-okapis-\u00a9-Bioparc-1024x640.jpg 1024w, https:\/\/www.lesportesdelanjou.com\/wp-content\/uploads\/2023\/10\/8-Sanctuaire-des-okapis-\u00a9-Bioparc-768x480.jpg 768w, https:\/\/www.lesportesdelanjou.com\/wp-content\/uploads\/2023\/10\/8-Sanctuaire-des-okapis-\u00a9-Bioparc-1536x960.jpg 1536w\" sizes=\"(max-width: 1920px) 100vw, 1920px\" \/><div class=\"wp-block-cover__inner-container\">\n<p class=\"has-text-align-center has-large-font-size\"><\/p>\n<\/div><\/div>\n\n<div class=\"wp-block-media-text alignfull has-media-on-the-right is-stacked-on-mobile is-image-fill A-05\"><figure class=\"wp-block-media-text__media\" style=\"background-image:url(https:\/\/www.lesportesdelanjou.com\/wp-content\/uploads\/2023\/03\/photo-636513522379366090-1-1024x683.jpg);background-position:50% 50%\"><img width=\"1024\" height=\"683\" src=\"https:\/\/www.lesportesdelanjou.com\/wp-content\/uploads\/2023\/03\/photo-636513522379366090-1-1024x683.jpg\" alt=\"\" class=\"wp-image-792 size-full\" srcset=\"https:\/\/www.lesportesdelanjou.com\/wp-content\/uploads\/2023\/03\/photo-636513522379366090-1-1024x683.jpg 1024w, https:\/\/www.lesportesdelanjou.com\/wp-content\/uploads\/2023\/03\/photo-636513522379366090-1-300x200.jpg 300w, https:\/\/www.lesportesdelanjou.com\/wp-content\/uploads\/2023\/03\/photo-636513522379366090-1-768x512.jpg 768w, https:\/\/www.lesportesdelanjou.com\/wp-content\/uploads\/2023\/03\/photo-636513522379366090-1.jpg 1200w\" sizes=\"(max-width: 1024px) 100vw, 1024px\" \/><\/figure><div class=\"wp-block-media-text__content\">\n<h1 class=\"has-vert-fonce-color has-text-color\" id=\"tourisme-a-durtal-1\">Biopark<\/h1>\n\n\n\n<h2 class=\"p\" id=\"un-parc-sur-mesure-pour-les-animaux-menaces\"><strong>A TAILOR-MADE PARK FOR ENDANGERED ANIMALS<\/strong><\/h2>\n\n\n\n<h3 id=\"plus-de-1500-animaux-ont-trouve-un-cadre-naturel-exceptionnel-dans-le-seul-zoo-troglodytique-au-monde\">More than 1,500 animals have found an exceptional natural setting in the world&#8217;s only cave zoo!<\/h3>\n\n\n\n<p>The naturally air-conditioned tunnels will take you from one world to another, in a veritable mineral and plant labyrinth.<\/p>\n\n\n\n<p>Animals live at their own pace in XXL spaces: take the time to explore their territories, and you&#8217;ll be rewarded.<\/p>\n\n\n\n<p>During our activities, admire their natural behaviour: no training here, just the spectacle of nature!<\/p>\n\n\n\n<p><strong>For more information,<\/strong> <strong><a rel=\"noreferrer noopener\" href=\"https:\/\/www.bioparc-zoo.fr\/\" target=\"_blank\">click here<\/a><\/strong><\/p>\n\n\n\n<div class=\"wp-container-69dfaf6f14806 wp-block-buttons\">\n<div class=\"wp-block-button btn_resa\"><a class=\"wp-block-button__link\"><i class=\"fal fa-search\"><\/i> Book<\/a><\/div>\n<\/div>\n<\/div><\/div>\n\n<figure class=\"wp-block-gallery has-nested-images columns-8 is-cropped diaporama--2 galerie-box\">\n<figure class=\"wp-block-image size-full\"><img data-id=\"1604\"  src=\"https:\/\/www.lesportesdelanjou.com\/wp-content\/uploads\/2023\/10\/2-Visiteurs-&#xA9;-Bioparc-S.Gaudard.jpg\" alt=\"\" class=\"wp-image-1604\"\/><figcaption>S. Gaudard<\/figcaption><\/figure>\n\n\n\n<figure class=\"wp-block-image size-full\"><img data-id=\"1606\"  src=\"https:\/\/www.lesportesdelanjou.com\/wp-content\/uploads\/2023\/10\/3-Guepard-&#xA9;-Bioparc-S.Gaudard.jpg\" alt=\"\" class=\"wp-image-1606\"\/><figcaption>S. Gaudard<\/figcaption><\/figure>\n\n\n\n<figure class=\"wp-block-image size-full\"><img data-id=\"1608\"  src=\"https:\/\/www.lesportesdelanjou.com\/wp-content\/uploads\/2023\/10\/4-Camp-des-girafes-&#xA9;-Bioparc.jpg\" alt=\"\" class=\"wp-image-1608\"\/><figcaption>Biopark<\/figcaption><\/figure>\n\n\n\n<figure class=\"wp-block-image size-full\"><img data-id=\"1610\"  src=\"https:\/\/www.lesportesdelanjou.com\/wp-content\/uploads\/2023\/10\/5-Girafes-&#xA9;-Bioparc-S.-Gaudard.jpg\" alt=\"\" class=\"wp-image-1610\"\/><figcaption>S. Gaudard<\/figcaption><\/figure>\n\n\n\n<figure class=\"wp-block-image size-full\"><img data-id=\"1612\"  src=\"https:\/\/www.lesportesdelanjou.com\/wp-content\/uploads\/2023\/10\/8-Sanctuaire-des-okapis-&#xA9;-Bioparc.jpg\" alt=\"\" class=\"wp-image-1612\"\/><figcaption>Biopark<\/figcaption><\/figure>\n\n\n\n<figure class=\"wp-block-image size-full\"><img data-id=\"1614\"  src=\"https:\/\/www.lesportesdelanjou.com\/wp-content\/uploads\/2023\/10\/10-Ours-a-lunettes-&#xA9;-Bioparc-S.Gaudard.jpg\" alt=\"\" class=\"wp-image-1614\"\/><figcaption>S. Gaudard<\/figcaption><\/figure>\n\n\n\n<figure class=\"wp-block-image size-full\"><img data-id=\"1616\"  src=\"https:\/\/www.lesportesdelanjou.com\/wp-content\/uploads\/2023\/10\/11-Grande-voliere-&#xA9;-Bioparc-P.-Chabot.jpg\" alt=\"\" class=\"wp-image-1616\"\/><figcaption>P. Chabot<\/figcaption><\/figure>\n\n\n\n<figure class=\"wp-block-image size-full\"><img data-id=\"1618\"  src=\"https:\/\/www.lesportesdelanjou.com\/wp-content\/uploads\/2023\/10\/12-Aras-&#xA9;-Bioparc-P.-Chabot.jpg\" alt=\"\" class=\"wp-image-1618\"\/><figcaption>P. Chabot<\/figcaption><\/figure>\n<\/figure>\n\n<div class=\"wp-container-69dfaf6f1647b wp-block-group margin-top\"><div class=\"wp-block-group__inner-container\">\n<p class=\"has-text-align-center h2 has-vert-fonce-color has-text-color\" id=\"decouvrir-aussi-dans-la-region\">D\u00e9couvrir aussi dans la r\u00e9gion&#8230;<\/p>\n\n\n\n<div class=\"wp-block-columns A-20 diaporama--3\">\n<div class=\"wp-block-column\">\n<div class=\"wp-block-image\"><figure class=\"aligncenter size-large\"><img width=\"1024\" height=\"682\" src=\"https:\/\/www.lesportesdelanjou.com\/wp-content\/uploads\/2023\/03\/photo-636500494468667492-1-1024x682.jpg\" alt=\"\" class=\"wp-image-732\" srcset=\"https:\/\/www.lesportesdelanjou.com\/wp-content\/uploads\/2023\/03\/photo-636500494468667492-1-1024x682.jpg 1024w, https:\/\/www.lesportesdelanjou.com\/wp-content\/uploads\/2023\/03\/photo-636500494468667492-1-300x200.jpg 300w, https:\/\/www.lesportesdelanjou.com\/wp-content\/uploads\/2023\/03\/photo-636500494468667492-1-768x511.jpg 768w, https:\/\/www.lesportesdelanjou.com\/wp-content\/uploads\/2023\/03\/photo-636500494468667492-1.jpg 1202w\" sizes=\"(max-width: 1024px) 100vw, 1024px\" \/><\/figure><\/div>\n\n\n\n<h2 class=\"has-text-align-center h3\" id=\"zoo-de-la-fleche\">La Fl\u00e8che Zoo<\/h2>\n\n\n\n<div class=\"wp-container-69dfaf6f14c59 wp-block-buttons\">\n<div class=\"wp-block-button\"><a class=\"wp-block-button__link\" href=\"https:\/\/www.lesportesdelanjou.com\/en\/surroundings\/la-fleche-zoo\/\">Discover<\/a><\/div>\n<\/div>\n<\/div>\n\n\n\n<div class=\"wp-block-column\">\n<div class=\"wp-block-image\"><figure class=\"aligncenter size-large\"><img width=\"1024\" height=\"576\" src=\"https:\/\/www.lesportesdelanjou.com\/wp-content\/uploads\/2023\/03\/photo-636500495861703889-1-1024x576.jpg\" alt=\"\" class=\"wp-image-734\" srcset=\"https:\/\/www.lesportesdelanjou.com\/wp-content\/uploads\/2023\/03\/photo-636500495861703889-1-1024x576.jpg 1024w, https:\/\/www.lesportesdelanjou.com\/wp-content\/uploads\/2023\/03\/photo-636500495861703889-1-300x169.jpg 300w, https:\/\/www.lesportesdelanjou.com\/wp-content\/uploads\/2023\/03\/photo-636500495861703889-1-768x432.jpg 768w, https:\/\/www.lesportesdelanjou.com\/wp-content\/uploads\/2023\/03\/photo-636500495861703889-1.jpg 1423w\" sizes=\"(max-width: 1024px) 100vw, 1024px\" \/><\/figure><\/div>\n\n\n\n<h2 class=\"has-text-align-center h3\" id=\"angers-patrimoine-et-culture\">Angers: heritage and culture<\/h2>\n\n\n\n<div class=\"wp-container-69dfaf6f14f18 wp-block-buttons\">\n<div class=\"wp-block-button\"><a class=\"wp-block-button__link\" href=\"https:\/\/www.lesportesdelanjou.com\/en\/surroundings\/angers-heritage-and-culture\/\">Discover<\/a><\/div>\n<\/div>\n<\/div>\n\n\n\n<div class=\"wp-block-column\">\n<div class=\"wp-block-image\"><figure class=\"aligncenter size-full\"><img width=\"779\" height=\"466\" src=\"https:\/\/www.lesportesdelanjou.com\/wp-content\/uploads\/2023\/03\/photo-636500500529435461-1.jpg\" alt=\"\" class=\"wp-image-712\" srcset=\"https:\/\/www.lesportesdelanjou.com\/wp-content\/uploads\/2023\/03\/photo-636500500529435461-1.jpg 779w, https:\/\/www.lesportesdelanjou.com\/wp-content\/uploads\/2023\/03\/photo-636500500529435461-1-300x179.jpg 300w, https:\/\/www.lesportesdelanjou.com\/wp-content\/uploads\/2023\/03\/photo-636500500529435461-1-768x459.jpg 768w\" sizes=\"(max-width: 779px) 100vw, 779px\" \/><\/figure><\/div>\n\n\n\n<h2 class=\"has-text-align-center h3\" id=\"vallee-du-loir\">Loir Valley<\/h2>\n\n\n\n<div class=\"wp-container-69dfaf6f151ee wp-block-buttons\">\n<div class=\"wp-block-button\"><a class=\"wp-block-button__link\" href=\"https:\/\/www.lesportesdelanjou.com\/en\/surroundings\/loir-valley\/\">Discover<\/a><\/div>\n<\/div>\n<\/div>\n\n\n\n<div class=\"wp-block-column\">\n<div class=\"wp-block-image\"><figure class=\"aligncenter size-large\"><img width=\"1024\" height=\"652\" src=\"https:\/\/www.lesportesdelanjou.com\/wp-content\/uploads\/2023\/03\/photo-636500497625197597-1-1024x652.jpg\" alt=\"\" class=\"wp-image-714\" srcset=\"https:\/\/www.lesportesdelanjou.com\/wp-content\/uploads\/2023\/03\/photo-636500497625197597-1-1024x652.jpg 1024w, https:\/\/www.lesportesdelanjou.com\/wp-content\/uploads\/2023\/03\/photo-636500497625197597-1-300x191.jpg 300w, https:\/\/www.lesportesdelanjou.com\/wp-content\/uploads\/2023\/03\/photo-636500497625197597-1-768x489.jpg 768w, https:\/\/www.lesportesdelanjou.com\/wp-content\/uploads\/2023\/03\/photo-636500497625197597-1.jpg 1257w\" sizes=\"(max-width: 1024px) 100vw, 1024px\" \/><\/figure><\/div>\n\n\n\n<h2 class=\"has-text-align-center h3\" id=\"le-mans-la-ville-des-24h\">Le Mans: the city of the 24h<\/h2>\n\n\n\n<div class=\"wp-container-69dfaf6f15490 wp-block-buttons\">\n<div class=\"wp-block-button\"><a class=\"wp-block-button__link\" href=\"https:\/\/www.lesportesdelanjou.com\/en\/surroundings\/le-mans-the-city-of-the-24h\/\">Discover<\/a><\/div>\n<\/div>\n<\/div>\n\n\n\n<div class=\"wp-block-column\">\n<div class=\"wp-block-image\"><figure class=\"aligncenter size-full\"><img width=\"1024\" height=\"683\" src=\"https:\/\/www.lesportesdelanjou.com\/wp-content\/uploads\/2023\/10\/Terra_Botanica-cBertrand_BECHARD-6331-AnjouTourisme.jpg\" alt=\"\" class=\"wp-image-1829\" srcset=\"https:\/\/www.lesportesdelanjou.com\/wp-content\/uploads\/2023\/10\/Terra_Botanica-cBertrand_BECHARD-6331-AnjouTourisme.jpg 1024w, https:\/\/www.lesportesdelanjou.com\/wp-content\/uploads\/2023\/10\/Terra_Botanica-cBertrand_BECHARD-6331-AnjouTourisme-300x200.jpg 300w, https:\/\/www.lesportesdelanjou.com\/wp-content\/uploads\/2023\/10\/Terra_Botanica-cBertrand_BECHARD-6331-AnjouTourisme-768x512.jpg 768w\" sizes=\"(max-width: 1024px) 100vw, 1024px\" \/><\/figure><\/div>\n\n\n\n<h2 class=\"has-text-align-center h3\" id=\"gastronomie-marches\">Terra Botanica<\/h2>\n\n\n\n<div class=\"wp-container-69dfaf6f15750 wp-block-buttons\">\n<div class=\"wp-block-button\"><a class=\"wp-block-button__link\" href=\"https:\/\/www.lesportesdelanjou.com\/en\/surroundings\/terra-botanica\/\">Discover<\/a><\/div>\n<\/div>\n<\/div>\n\n\n\n<div class=\"wp-block-column\">\n<div class=\"wp-block-image\"><figure class=\"aligncenter size-full\"><img width=\"779\" height=\"466\" src=\"https:\/\/www.lesportesdelanjou.com\/wp-content\/uploads\/2023\/03\/photo-636500508796012372-1.jpg\" alt=\"\" class=\"wp-image-720\" srcset=\"https:\/\/www.lesportesdelanjou.com\/wp-content\/uploads\/2023\/03\/photo-636500508796012372-1.jpg 779w, https:\/\/www.lesportesdelanjou.com\/wp-content\/uploads\/2023\/03\/photo-636500508796012372-1-300x179.jpg 300w, https:\/\/www.lesportesdelanjou.com\/wp-content\/uploads\/2023\/03\/photo-636500508796012372-1-768x459.jpg 768w\" sizes=\"(max-width: 779px) 100vw, 779px\" \/><\/figure><\/div>\n\n\n\n<h2 class=\"has-text-align-center h3\" id=\"espaces-naturels-randonnees-dont-le-gr35\">Natural Areas<br\/>&amp; Hiking Trails, including the GR35<\/h2>\n\n\n\n<div class=\"wp-container-69dfaf6f15a01 wp-block-buttons\">\n<div class=\"wp-block-button\"><a class=\"wp-block-button__link\" href=\"https:\/\/www.lesportesdelanjou.com\/en\/surroundings\/natural-areas\/\">Discover<\/a><\/div>\n<\/div>\n<\/div>\n\n\n\n<div class=\"wp-block-column\">\n<div class=\"wp-block-image\"><figure class=\"aligncenter size-large\"><img width=\"1024\" height=\"640\" src=\"https:\/\/www.lesportesdelanjou.com\/wp-content\/uploads\/2023\/10\/Hotel-Dieu_de_Bauge-cSisco-6130-AnjouTourisme-1024x640.jpg\" alt=\"\" class=\"wp-image-1601\" srcset=\"https:\/\/www.lesportesdelanjou.com\/wp-content\/uploads\/2023\/10\/Hotel-Dieu_de_Bauge-cSisco-6130-AnjouTourisme-1024x640.jpg 1024w, https:\/\/www.lesportesdelanjou.com\/wp-content\/uploads\/2023\/10\/Hotel-Dieu_de_Bauge-cSisco-6130-AnjouTourisme-300x188.jpg 300w, https:\/\/www.lesportesdelanjou.com\/wp-content\/uploads\/2023\/10\/Hotel-Dieu_de_Bauge-cSisco-6130-AnjouTourisme-768x480.jpg 768w, https:\/\/www.lesportesdelanjou.com\/wp-content\/uploads\/2023\/10\/Hotel-Dieu_de_Bauge-cSisco-6130-AnjouTourisme-1536x960.jpg 1536w, https:\/\/www.lesportesdelanjou.com\/wp-content\/uploads\/2023\/10\/Hotel-Dieu_de_Bauge-cSisco-6130-AnjouTourisme.jpg 1920w\" sizes=\"(max-width: 1024px) 100vw, 1024px\" \/><\/figure><\/div>\n\n\n\n<h2 class=\"has-text-align-center h3\" id=\"les-chateaux-de-l-anjou\">Castles of Anjou<\/h2>\n\n\n\n<div class=\"wp-container-69dfaf6f15cc3 wp-block-buttons\">\n<div class=\"wp-block-button\"><a class=\"wp-block-button__link\" href=\"https:\/\/www.lesportesdelanjou.com\/en\/surroundings\/the-loire-castles\/\">Discover<\/a><\/div>\n<\/div>\n<\/div>\n\n\n\n<div class=\"wp-block-column\">\n<div class=\"wp-block-image\"><figure class=\"aligncenter size-large\"><img width=\"1024\" height=\"682\" src=\"https:\/\/www.lesportesdelanjou.com\/wp-content\/uploads\/2023\/03\/photo-636512900167275536-1-1024x682.jpg\" alt=\"\" class=\"wp-image-728\" srcset=\"https:\/\/www.lesportesdelanjou.com\/wp-content\/uploads\/2023\/03\/photo-636512900167275536-1-1024x682.jpg 1024w, https:\/\/www.lesportesdelanjou.com\/wp-content\/uploads\/2023\/03\/photo-636512900167275536-1-300x200.jpg 300w, https:\/\/www.lesportesdelanjou.com\/wp-content\/uploads\/2023\/03\/photo-636512900167275536-1-768x512.jpg 768w, https:\/\/www.lesportesdelanjou.com\/wp-content\/uploads\/2023\/03\/photo-636512900167275536-1.jpg 1201w\" sizes=\"(max-width: 1024px) 100vw, 1024px\" \/><\/figure><\/div>\n\n\n\n<h2 class=\"has-text-align-center h3\" id=\"le-puy-du-fou\">Le Puy du Fou<\/h2>\n\n\n\n<div class=\"wp-container-69dfaf6f15f7d wp-block-buttons\">\n<div class=\"wp-block-button\"><a class=\"wp-block-button__link\" href=\"https:\/\/www.lesportesdelanjou.com\/en\/surroundings\/le-puy-du-fou\/\">Discover<\/a><\/div>\n<\/div>\n<\/div>\n\n\n\n<div class=\"wp-block-column\">\n<div class=\"wp-block-image\"><figure class=\"aligncenter size-large\"><img width=\"1024\" height=\"640\" src=\"https:\/\/www.lesportesdelanjou.com\/wp-content\/uploads\/2023\/10\/Chateau_de_Saumur-cLUG_creation-1570-AnjouTourisme-1024x640.jpg\" alt=\"\" class=\"wp-image-1588\" srcset=\"https:\/\/www.lesportesdelanjou.com\/wp-content\/uploads\/2023\/10\/Chateau_de_Saumur-cLUG_creation-1570-AnjouTourisme-1024x640.jpg 1024w, https:\/\/www.lesportesdelanjou.com\/wp-content\/uploads\/2023\/10\/Chateau_de_Saumur-cLUG_creation-1570-AnjouTourisme-300x188.jpg 300w, https:\/\/www.lesportesdelanjou.com\/wp-content\/uploads\/2023\/10\/Chateau_de_Saumur-cLUG_creation-1570-AnjouTourisme-768x480.jpg 768w, https:\/\/www.lesportesdelanjou.com\/wp-content\/uploads\/2023\/10\/Chateau_de_Saumur-cLUG_creation-1570-AnjouTourisme-1536x960.jpg 1536w, https:\/\/www.lesportesdelanjou.com\/wp-content\/uploads\/2023\/10\/Chateau_de_Saumur-cLUG_creation-1570-AnjouTourisme.jpg 1920w\" sizes=\"(max-width: 1024px) 100vw, 1024px\" \/><\/figure><\/div>\n\n\n\n<h2 class=\"has-text-align-center h3\" id=\"saumur-en-val-de-loire\">Saumur in the Loire Valley<\/h2>\n\n\n\n<div class=\"wp-container-69dfaf6f1622b wp-block-buttons\">\n<div class=\"wp-block-button\"><a class=\"wp-block-button__link\" href=\"https:\/\/www.lesportesdelanjou.com\/en\/surroundings\/saumur-in-the-loire-valley\/\">Discover<\/a><\/div>\n<\/div>\n<\/div>\n<\/div>\n<\/div><\/div>\n","protected":false},"excerpt":{"rendered":"<p>D\u00e9couvrir aussi dans la r\u00e9gion&#8230; La Fl\u00e8che Zoo Angers: heritage and culture Loir Valley Le Mans: the city of the 24h Terra Botanica Natural Areas&amp; Hiking Trails, including the GR35 Castles of Anjou Le Puy du Fou Saumur in the Loire Valley<\/p>\n","protected":false},"author":1,"featured_media":0,"parent":1174,"menu_order":0,"comment_status":"closed","ping_status":"closed","template":"","meta":[],"acf":[],"_links":{"self":[{"href":"https:\/\/www.lesportesdelanjou.com\/en\/wp-json\/wp\/v2\/pages\/1279"}],"collection":[{"href":"https:\/\/www.lesportesdelanjou.com\/en\/wp-json\/wp\/v2\/pages"}],"about":[{"href":"https:\/\/www.lesportesdelanjou.com\/en\/wp-json\/wp\/v2\/types\/page"}],"author":[{"embeddable":true,"href":"https:\/\/www.lesportesdelanjou.com\/en\/wp-json\/wp\/v2\/users\/1"}],"replies":[{"embeddable":true,"href":"https:\/\/www.lesportesdelanjou.com\/en\/wp-json\/wp\/v2\/comments?post=1279"}],"version-history":[{"count":5,"href":"https:\/\/www.lesportesdelanjou.com\/en\/wp-json\/wp\/v2\/pages\/1279\/revisions"}],"predecessor-version":[{"id":2347,"href":"https:\/\/www.lesportesdelanjou.com\/en\/wp-json\/wp\/v2\/pages\/1279\/revisions\/2347"}],"up":[{"embeddable":true,"href":"https:\/\/www.lesportesdelanjou.com\/en\/wp-json\/wp\/v2\/pages\/1174"}],"wp:attachment":[{"href":"https:\/\/www.lesportesdelanjou.com\/en\/wp-json\/wp\/v2\/media?parent=1279"}],"curies":[{"name":"wp","href":"https:\/\/api.w.org\/{rel}","templated":true}]}}